{"id":3,"date":"2024-09-11T15:06:54","date_gmt":"2024-09-11T15:06:54","guid":{"rendered":"http:\/\/renderaed.cambia-marketing.it\/?page_id=3"},"modified":"2024-10-18T07:23:08","modified_gmt":"2024-10-18T07:23:08","slug":"privacy-policy","status":"publish","type":"page","link":"https:\/\/renderaed.com\/en\/privacy-policy\/","title":{"rendered":"Privacy Policy"},"content":{"rendered":"<h2 class=\"wp-block-heading\"><strong>Informativa ai sensi dell\u2019art. 13 del GDPR<\/strong><\/h2>\n\n\n\n<p>AED PROGETTI, P.IVA 03217060544, sita in Via Nicol\u00f2 Tignosi, 26 \u2013&nbsp;06034, Foligno (PG) \u2013 Italia, ai sensi dell\u2019art. 13 del regolamento europeo (UE) n.2016\/679 del 27 aprile 2016 (di seguito GDPR) ed in relazione ai dati personali di cui la suddetta societ\u00e0 entrer\u00e0 nella disponibilit\u00e0 per l\u2019adempimento delle obbligazioni che verranno richieste, comunica alla clientela le seguenti informazioni.<\/p>\n\n\n\n<p><strong>Titolare del trattamento<\/strong><\/p>\n\n\n\n<p>Titolare del trattamento \u00e8 AED PROGETTI, P.IVA 03217060544, sita in Via Nicol\u00f2 Tignosi, 26 \u2013&nbsp;06034, Foligno (PG) \u2013 Italia,&nbsp;di seguito indicata come titolare, che pu\u00f2 essere contattata a mezzo mail agli indirizzi info@aedprogetti.com e\/o a mezzo pec all\u2019indirizzo aedprogetti@pec.it, telefonicamente al numero +39 0742 622695.<\/p>\n\n\n\n<p><strong>Responsabile del trattamento<\/strong><\/p>\n\n\n\n<p>Responsabile del trattamento \u00e8 il Sig. Andrea Fiorelli, di seguito indicato come responsabile, il quale pu\u00f2 essere contattato a mezzo mail agli indirizzi info@aedprogetti.com a mezzo pec all\u2019indirizzo aedprogetti@pec.it, ovvero al numero telefonico +39 0742 622695<\/p>\n\n\n\n<p><strong>Finalit\u00e0 del trattamento dei dati<\/strong><\/p>\n\n\n\n<p>Il trattamento dei dati \u00e8 finalizzato alla corretta esecuzione del contratto, oltre che al fine di adempiere agli obblighi previsti in ambito fiscale e contabile ed a quelli di diversa natura gravanti sull\u2019impresa, cos\u00ec come previsto dalla normativa vigente.<\/p>\n\n\n\n<p>I dati personali potranno essere trattati a mezzo sia di archivi cartacei che informatici (ivi compresi dispositivi portatili) e con modalit\u00e0 strettamente necessarie a far fronte alle finalit\u00e0 sopra indicate.<\/p>\n\n\n\n<p><strong>Base giuridica del trattamento<\/strong><\/p>\n\n\n\n<p>Ai sensi dell\u2019art. 6 del GDPR, il trattamento avviene soltanto nelle seguenti ipotesi:<\/p>\n\n\n\n<p>\u2013 l\u2019interessato ha acconsentito al trattamento dei propri dati personali per il preciso scopo dallo stesso indicato nel contratto;<\/p>\n\n\n\n<p>\u2013 Il trattamento \u00e8 necessario per l\u2019esecuzione di un contratto di cui l\u2019interessato \u00e8 parte o per l\u2019esecuzione di misure adottate su richiesta dell\u2019interessato prima di stipulare un contratto;<\/p>\n\n\n\n<p>\u2013 Il trattamento \u00e8 necessario per adempiere a un obbligo legale a cui \u00e8 soggetto il titolare del trattamento.<\/p>\n\n\n\n<p>Conseguenze della mancata comunicazione dei dati personali<\/p>\n\n\n\n<p>Con riguardo ai dati personali relativi all\u2019esecuzione del contratto o relativi all\u2019adempimento ad un obbligo normativo (ad esempio gli adempimenti legati alla tenuta delle scritture contabili e fiscali), la mancata comunicazione dei dati personali impedisce il perfezionarsi del rapporto contrattuale stesso.<\/p>\n\n\n\n<p><strong>Conservazione dei dati<\/strong><\/p>\n\n\n\n<p>I dati personali, oggetto di trattamento per le finalit\u00e0 sopra indicate, saranno conservati per il periodo di durata del rapporto e, successivamente, per il tempo in cui l\u2019impresa \u00e8 soggetta ad obblighi di conservazione per finalit\u00e0 fiscali o per altre finalit\u00e0 previste da norme di legge o regolamento.<\/p>\n\n\n\n<p><strong>Comunicazione dei dati<\/strong><\/p>\n\n\n\n<p>I dati personali potranno essere comunicati a:<\/p>\n\n\n\n<p>professionisti che eroghino prestazioni funzionali ai fini sopra indicati;<br>istituti bancari e assicurativi che eroghino prestazioni funzionali ai fini sopra indicati;<br>soggetti che elaborano i dati in esecuzione di specifici obblighi di legge;<br>Autorit\u00e0 giudiziarie o amministrative, per l\u2019adempimento degli obblighi di legge.<br>Diritti dell\u2019interessato<\/p>\n\n\n\n<p>Tra i diritti riconosciuti agli interessati dal GDPR rientrano quelli di richiedere al titolare di trattamento:<\/p>\n\n\n\n<p>\u2013 l\u2019accesso ai dati personali ed alle informazioni relative agli stessi;<\/p>\n\n\n\n<p>\u2013 la rettifica dei dati inesatti o l\u2019integrazione di quelli incompleti;<\/p>\n\n\n\n<p>\u2013 la cancellazione dei dati personali (al verificarsi di una delle condizioni indicate nell\u2019art. 17, paragrafo 1 del GDPR e nel rispetto delle eccezioni previste nel paragrafo 3 dello stesso articolo);<\/p>\n\n\n\n<p>\u2013 la limitazione del trattamento dei dati personali (al ricorrere di una delle ipotesi indicate nell\u2019art. 18, paragrafo 1 del GDPR);<\/p>\n\n\n\n<p>\u2013 nelle ipotesi in cui la base giuridica del trattamento sia il contratto o il consenso, e lo stesso sia effettuato con mezzi automatizzati, la consegna dei dati personali in un formato strutturato e leggibile da dispositivo automatico, anche al fine di comunicare tali dati ad un altro titolare del trattamento.<\/p>\n\n\n\n<p>L\u2019interessato potr\u00e0 altres\u00ec:<\/p>\n\n\n\n<p>\u2013 opporsi in qualsiasi momento al trattamento dei dati personali al ricorrere di situazioni particolari;<\/p>\n\n\n\n<p>\u2013 revocare il consenso in qualsiasi momento, limitatamente alle ipotesi in cui il trattamento sia basato sul consenso per una o pi\u00f9 specifiche finalit\u00e0 e riguardi dati personali comuni (ad esempio data e luogo di nascita o luogo di residenza), oppure particolari categorie di dati previste dall\u2019art. 9 del GDPR.<\/p>\n\n\n\n<p>Il trattamento basato sul consenso ed effettuato antecedentemente alla revoca dello stesso conserva, comunque, la sua liceit\u00e0;<\/p>\n\n\n\n<p>\u2013 proporre reclamo dinanzi all\u2019Autorit\u00e0 Garante per la protezione dei dati personali.<\/p>\n\n\n\n<p>\u00b0 \u00b0 \u00b0 \u00b0 \u00b0<\/p>\n\n\n\n<p>Presa visione delle informazioni che precedono, l\u2019interessato al trattamento\/cliente, consapevole del fatto che la mancata prestazione del consenso potrebbe rendere impossibile l\u2019esecuzione del contratto, pu\u00f2 decidere di ritirare il consenso in ogni momento inviando comunicazione al titolare o al responsabile del trattamento mediante mail, pec, o comunicazione telefonica ai numeri e agli indirizzi sopra indicati.<\/p>\n\n\n\n<hr class=\"wp-block-separator has-alpha-channel-opacity\"\/>\n\n\n\n<hr class=\"wp-block-separator has-alpha-channel-opacity\"\/>\n\n\n\n<h2 class=\"wp-block-heading\">COOKIES<\/h2>\n\n\n\n<p><strong>Cookie del browser:<br><\/strong>I cookie sono porzioni di informazioni che il sito Web inserisce nel tuo dispositivo di navigazione quando visiti una pagina. Possono comportare la trasmissione di informazioni tra il sito Web e il tuo dispositivo, e tra quest\u2019ultimo e altri siti che operano per conto nostro o in privato, conformemente a quanto stabilito nella rispettiva Informativa sulla privacy. Possiamo utilizzare i cookie per riunire le informazioni che raccogliamo su di te. Puoi decidere di ricevere un avviso ogni volta che viene inviato un cookie o di disabilitare tutti i cookie modificando le impostazioni del browser. Disabilitando i cookie, tuttavia, alcuni dei nostri servizi potrebbero non funzionare correttamente e non potrai accedere a numerose funzionalit\u00e0 pensate per ottimizzare la tua esperienza di navigazione nel sito. Per maggiori informazioni sulla gestione o la disabilitazione dei cookie del browser, consulta l\u2019ultima sezione della presente Politica sui cookie.<\/p>\n\n\n\n<p>Utilizziamo varie tipologie di cookie con funzioni diverse. Per maggiori informazioni sui cookie e sulle loro funzioni generali, visita un sito Web informativo come&nbsp;<a href=\"http:\/\/allaboutcookies.org\/\" target=\"_blank\" rel=\"noreferrer noopener\">allaboutcookies.org<\/a>.<\/p>\n\n\n\n<p><strong>Cookie Flash:<\/strong><br>I nostri promotori e fornitori di servizi esterni possono utilizzare oggetti locali condivisi, definiti cookie Flash, per raccogliere e archiviare informazioni. I cookie Flash differiscono dai cookie del browser in termini di volume, tipo e modalit\u00e0 di archiviazione dei dati. Gli strumenti di gestione dei cookie disponibili nel tuo browser non sono in grado di rimuovere i cookie Flash. Per maggiori informazioni su come disabilitare i cookie Flash, consulta l\u2019ultima sezione del presente documento relativo alle modalit\u00e0 dei cookie. Disabilitando i cookie Flash, tuttavia, alcuni dei nostri servizi potrebbero non funzionare correttamente e non potrai accedere a numerose funzionalit\u00e0 pensate per ottimizzare la tua esperienza di navigazione nel sito.<\/p>\n\n\n\n<p>Quali sono i tipi di cookie che possono essere utilizzati?<\/p>\n\n\n\n<p>I cookie che possono essere utilizzati sul nostro sito Web rientrano nelle quattro categorie illustrate di seguito. Queste descrizioni possono aiutarti a stabilire in che modo desideri interagire con i nostri siti Web e altri servizi online.<\/p>\n\n\n\n<p><strong>1. Cookie strettamente necessari<\/strong><br>Questi cookie sono fondamentali per poter navigare sul sito Web e utilizzare alcune funzionalit\u00e0. Senza i cookie strettamente necessari, i servizi online che hai richiesto, come il carrello virtuale o l\u2019emissione di fattura alla convalida di un acquisto, non possono essere forniti.Non \u00e8 necessario fornire il consenso per i cookie strettamente necessari, poich\u00e9 sono indispensabili per assicurarti i servizi richiesti.<strong>2. Cookie per le prestazioni<\/strong><br>\u00c8 possibile che da parte nostra (o dei i fornitori di servizi che operano per nostro conto) vengano inseriti dei cookie per le prestazioni nel tuo dispositivo di navigazione. Le informazioni raccolte mediante i cookie per le prestazioni sono utilizzate esclusivamente da noi o nel nostro interesse.<\/p>\n\n\n\n<p>I cookie per le prestazioni raccolgono informazioni anonime relative al modo in cui gli utenti utilizzano il sito Web e le sue varie funzionalit\u00e0. Ad esempio, i nostri cookie per le prestazioni raccolgono informazioni in merito alle pagine del sito che visiti pi\u00f9 spesso e alle nostre pubblicit\u00e0 che compaiono su altri siti Web con cui interagisci, oltre a verificare se apri e leggi le comunicazioni che ti inviamo e se ricevi messaggi di errore. Le informazioni raccolte possono essere utilizzate per personalizzare la tua esperienza online mostrando contenuti specifici. I cookie per le prestazioni servono anche per limitare il numero di visualizzazioni di uno stesso annuncio pubblicitario. I nostri cookie per le prestazioni non raccolgono informazioni di carattere personale.Un collegamento alla nostra Politica sui cookie \u00e8 disponibile nella parte inferiore di ciascuna pagina del presente sito Web. Continuando a utilizzare questo sito Web e le sue funzionalit\u00e0, autorizzi noi (e gli inserzionisti esterni di questo sito Web) a inserire cookie per le prestazioni nel tuo dispositivo di navigazione.<\/p>\n\n\n\n<p>Per eliminare o gestire i cookie per le prestazioni, consultare l\u2019ultima sezione della presente Politica sui cookie.<\/p>\n\n\n\n<p><strong>3. Cookie per funzionalit\u00e0<\/strong><br>\u00c8 possibile che da parte nostra (o dei i fornitori di servizi che operano per nostro conto) vengano inseriti dei cookie per funzionalit\u00e0 nel tuo dispositivo di navigazione. Non condividiamo le informazioni raccolte mediante i cookie per funzionalit\u00e0 con i nostri inserzionisti n\u00e9 con terzi.<\/p>\n\n\n\n<p>Questi cookie sono utilizzati per memorizzare le scelte che effettui (preferenza della lingua, paese o altre impostazioni online) e per fornirti le funzionalit\u00e0 personalizzate od ottimizzate che hai selezionato. I cookie per funzionalit\u00e0 possono essere utilizzati per offrirti servizi online o per evitare che ti vengano offerti servizi che hai rifiutato in passato.<\/p>\n\n\n\n<p>In alcuni casi, possiamo autorizzare inserzionisti o terze parti a fornirti contenuti e altre esperienze online tramite questo sito Web. In questo caso, la terza parte in questione potrebbe inserire i propri cookie per funzionalit\u00e0 nel tuo dispositivo e utilizzarli, in modo analogo a noi, al fine di fornirti funzionalit\u00e0 personalizzate e ottimizzare la tua esperienza d\u2019uso. Selezionando opzioni e impostazioni personalizzate o funzionalit\u00e0 ottimizzate, autorizzi l\u2019utilizzo da parte nostra (e di terzi) dei cookie per funzionalit\u00e0 necessari a offrirti tali esperienze.<\/p>\n\n\n\n<p>Eliminando i cookie per funzionalit\u00e0, le preferenze o le impostazioni selezionate non verranno memorizzate per visite future.<\/p>\n\n\n\n<p><strong>4. Cookie promozionali o di targeting<\/strong><\/p>\n\n\n\n<p><em><strong>Pubblicit\u00e0 mirata gestita da terze parti<\/strong><\/em><\/p>\n\n\n\n<p>I cookie di pubblicit\u00e0 mirata gestita da terze parti possono essere memorizzati sul dispositivo dell\u2019utente da inserzionisti terze parti, reti pubblicitarie, servizi di scambio dati e analisi di marketing e altri fornitori di servizi.<\/p>\n\n\n\n<p>I cookie per la pubblicit\u00e0 mirata gestita da terze parti raccolgono informazioni sulla navigazione dell\u2019utente sui vari siti web e sui servizi online al fine di visualizzare inserzioni pertinenti sui siti web e sui servizi online nostri e di terze parti. Le reti pubblicitarie possono condividere queste informazioni con gli inserzionisti utilizzando la loro rete. Le informazioni raccolte utilizzando questi cookie per la pubblicit\u00e0 mirata gestita da terze parti non identificano personalmente l\u2019utente.<\/p>\n\n\n\n<p><em><strong>La nostra promozione mirata<\/strong><\/em><\/p>\n\n\n\n<p>I nostri cookie promozionali mirati vengono inseriti nel tuo dispositivo di navigazione da noi (o dai fornitori di servizi che agiscono per conto nostro).<\/p>\n\n\n\n<p>Possiamo utilizzare questi cookie sui nostri siti Web e in relazione ai nostri contenuti e annunci pubblicitari visualizzati nei siti Web e nei servizi online di terzi, al fine di confermare la tua interazione con i nostri contenuti o promozioni e per mostrarti gli annunci di prodotti che riteniamo potrebbero interessarti. I cookie promozionali mirati raccolgono informazioni anonime.<\/p>\n\n\n\n<p>L\u2019organizzazione che gestisce i cookie (noi o terzi) \u00e8 tenuta a richiedere e ottenere il tuo consenso. Quando vedi questa icona su annunci nostri o di terze parti, puoi fare clic sull\u2019immagine e visualizzare altri dati sulla promozione mirata, tra cui informazioni su come gestire le opzioni di controllo tramite le impostazioni del browser. Per maggiori informazioni, visita la pagina&nbsp;<a href=\"https:\/\/www.youronlinechoices.eu\/\"><strong>www.youronlinechoices.eu<\/strong><\/a>.<\/p>\n\n\n\n<p><strong><em>Visitatori registrati<\/em><\/strong><\/p>\n\n\n\n<p>Ci riserviamo il diritto di analizzare le attivit\u00e0 online dei visitatori registrati sui nostri siti Web e sui servizi online tramite l\u2019uso dei cookie e di altre tecnologie di tracciabilit\u00e0. Se hai scelto di ricevere comunicazioni da parte nostra, possiamo utilizzare i cookie e altre tecnologie di tracciabilit\u00e0 per personalizzare le future comunicazioni in funzione dei tuoi interessi.<\/p>\n\n\n\n<p>Inoltre, ci riserviamo il diritto di utilizzare cookie o altre tecnologie di tracciabilit\u00e0 all\u2019interno delle comunicazioni che ricevi da noi (ad esempio, per sapere se queste sono state lette o aperte o per rilevare con quali contenuti hai interagito e quali collegamenti hai aperto), in modo da rendere le comunicazioni future pi\u00f9 rispondenti ai tuoi interessi.<\/p>\n\n\n\n<p>Se non desideri pi\u00f9 ricevere comunicazioni mirate, puoi fare clic sul collegamento per l\u2019annullamento dell\u2019iscrizione, disponibile nelle nostre comunicazioni, o accedere al tuo account per revocare il consenso all\u2019invio di comunicazioni a fini di marketing. Se non desideri pi\u00f9 ricevere comunicazioni pubblicitarie personalizzate in base alla tua attivit\u00e0 online su questo e altri siti Web, segui le istruzioni sopra riportate (per gli annunci pubblicitari mirati).<\/p>\n\n\n\n<p><strong>Abilitazione\/disabilitazione di cookie tramite il browser<\/strong><\/p>\n\n\n\n<p>Esistono diversi modi per gestire i cookie e altre tecnologie di tracciabilit\u00e0. Modificando le impostazioni del browser, puoi accettare o rifiutare i cookie o decidere di ricevere un messaggio di avviso prima di accettare un cookie dai siti Web visitati. Ti ricordiamo che disabilitando completamente i cookie nel browser potresti non essere in grado di utilizzare tutte le nostre funzionalit\u00e0 interattive.<\/p>\n\n\n\n<p>Se utilizzi pi\u00f9 computer in postazioni diverse, assicurati che ogni browser sia impostato in modo da soddisfare le tue preferenze.<\/p>\n\n\n\n<p>Puoi eliminare tutti i cookie installati nella cartella dei cookie del tuo browser. Ciascun browser presenta procedure diverse per la gestione delle impostazioni. Fai clic su uno dei collegamenti sottostanti per ottenere istruzioni specifiche.<\/p>\n\n\n\n<p><strong><a href=\"https:\/\/windows.microsoft.com\/en-us\/windows-vista\/block-or-allow-cookies\">Microsoft Windows Explorer<\/a><\/strong><\/p>\n\n\n\n<p><strong><a href=\"https:\/\/support.google.com\/chrome\/bin\/answer.py?hl=en&amp;answer=95647&amp;p=cpn_cookies\">Google Chrome<\/a><\/strong><\/p>\n\n\n\n<p><strong><a href=\"https:\/\/support.mozilla.org\/en-US\/kb\/Enabling%20and%20disabling%20cookies\">Mozilla Firefox<\/a><\/strong><\/p>\n\n\n\n<p><a href=\"https:\/\/docs.info.apple.com\/article.html?path=Safari\/5.0\/en\/9277.html\"><strong>Apple Safari<\/strong><\/a><\/p>\n\n\n\n<p>Se non utilizzi nessuno dei browser sopra elencati, seleziona \u201ccookie\u201d nella relativa sezione della guida per scoprire dove si trova la tua cartella dei cookie.<\/p>\n\n\n\n<p><strong>Eliminazione dei cookie Flash<\/strong><br>Fai clic sul collegamento qui di seguito per modificare le tue impostazioni relative ai cookie Flash.<\/p>\n\n\n\n<p><strong><a href=\"https:\/\/www.macromedia.com\/support\/documentation\/en\/flashplayer\/help\/settings_manager02.html#118539\">Disabilitazione dei cookie Flash<\/a><\/strong><\/p>","protected":false},"excerpt":{"rendered":"<p>Informativa ai sensi dell\u2019art. 13 del GDPR AED PROGETTI, P.IVA 03217060544, sita in Via Nicol\u00f2 Tignosi, 26 \u2013&nbsp;06034, Foligno (PG) \u2013 Italia, ai sensi dell\u2019art. 13 del regolamento europeo (UE) n.2016\/679 del 27 aprile 2016 (di seguito GDPR) ed in relazione ai dati personali di cui la suddetta societ\u00e0 entrer\u00e0 nella disponibilit\u00e0 per l\u2019adempimento delle [&hellip;]<\/p>","protected":false},"author":1,"featured_media":0,"parent":0,"menu_order":0,"comment_status":"closed","ping_status":"open","template":"","meta":{"footnotes":""},"class_list":["post-3","page","type-page","status-publish","hentry"],"_links":{"self":[{"href":"https:\/\/renderaed.com\/en\/wp-json\/wp\/v2\/pages\/3","targetHints":{"allow":["GET"]}}],"collection":[{"href":"https:\/\/renderaed.com\/en\/wp-json\/wp\/v2\/pages"}],"about":[{"href":"https:\/\/renderaed.com\/en\/wp-json\/wp\/v2\/types\/page"}],"author":[{"embeddable":true,"href":"https:\/\/renderaed.com\/en\/wp-json\/wp\/v2\/users\/1"}],"replies":[{"embeddable":true,"href":"https:\/\/renderaed.com\/en\/wp-json\/wp\/v2\/comments?post=3"}],"version-history":[{"count":1,"href":"https:\/\/renderaed.com\/en\/wp-json\/wp\/v2\/pages\/3\/revisions"}],"predecessor-version":[{"id":1488,"href":"https:\/\/renderaed.com\/en\/wp-json\/wp\/v2\/pages\/3\/revisions\/1488"}],"wp:attachment":[{"href":"https:\/\/renderaed.com\/en\/wp-json\/wp\/v2\/media?parent=3"}],"curies":[{"name":"wp","href":"https:\/\/api.w.org\/{rel}","templated":true}]}}